{"id":234,"date":"2016-11-01T10:37:50","date_gmt":"2016-11-01T10:37:50","guid":{"rendered":"http:\/\/bridge84.qodeinteractive.com\/?page_id=234"},"modified":"2019-10-27T17:10:53","modified_gmt":"2019-10-27T17:10:53","slug":"servicios","status":"publish","type":"page","link":"https:\/\/burovaldes.com\/consultoria-de-negocios\/servicios\/","title":{"rendered":"Gesti\u00f3n para su Negocio"},"content":{"rendered":"<p>[vc_row css_animation=&#8221;&#8221; row_type=&#8221;row&#8221; use_row_as_full_screen_section=&#8221;no&#8221; type=&#8221;full_width&#8221; angled_section=&#8221;no&#8221; text_align=&#8221;left&#8221; background_image_as_pattern=&#8221;without_pattern&#8221; css=&#8221;.vc_custom_1473947892486{padding-top: 74px !important;}&#8221;][vc_column][qode_elements_holder number_of_columns=&#8221;two_columns&#8221; switch_to_one_column=&#8221;1000&#8243;][qode_elements_holder_item item_padding=&#8221;0 12.5% 0 0&#8243; vertical_alignment=&#8221;middle&#8221; advanced_animations=&#8221;no&#8221; item_padding_768_1024=&#8221;0 0 7% 0&#8243; item_padding_600_768=&#8221;0 10% 7%&#8221; item_padding_480_600=&#8221;0 10% 10%&#8221; item_padding_480=&#8221;0 10% 12%&#8221;]<div class=\"qode-cards-gallery-holder right\" data-side=right>\n    <div class=\"qode-cards-gallery\">\n                    <div class=\"card\" >\n                                    <img decoding=\"async\" src=\"#\" alt=\"\" class=\"qode-lazy-image\" data-image=\"https:\/\/burovaldes.com\/consultoria-de-negocios\/wp-content\/uploads\/2016\/09\/image-2.jpg\" style=\"width:851px;height:1px\" data-ratio=\"0.61574618096357\" data-lazy=\"true\" \/>\n                            <\/div>\n            <\/div>\n    <div class=\"fake_card\">\n        <img decoding=\"async\" src=\"https:\/\/burovaldes.com\/consultoria-de-negocios\/wp-content\/uploads\/2016\/09\/image-2.jpg\" alt=\"\">\n    <\/div>\n<\/div>[\/qode_elements_holder_item][qode_elements_holder_item item_padding=&#8221;0 33% 0 0&#8243; vertical_alignment=&#8221;middle&#8221; advanced_animations=&#8221;no&#8221; item_padding_1280_1440=&#8221;0 10% 0 0&#8243; item_padding_1024_1280=&#8221;0 0 0 0&#8243; item_padding_768_1024=&#8221;0 10%&#8221; item_padding_600_768=&#8221;0 10%&#8221; item_padding_480_600=&#8221;0 10%&#8221; item_padding_480=&#8221;0 10%&#8221;][vc_column_text]<\/p>\n<h3>Metodolog\u00eda de Trabajo.<\/h3>\n<p>[\/vc_column_text][vc_empty_space height=&#8221;27px&#8221;][vc_column_text]Nuestra asesor\u00eda contempla un proceso estructurado, que permite controlar y gestionar los avances de cada etapa.[\/vc_column_text][vc_empty_space height=&#8221;33px&#8221;]<div class=\"q_icon_list\"><span aria-hidden=\"true\" class=\"qode_icon_font_elegant icon_comment_alt qode-ili-icon-holder circle\" style=\"font-size: 20px;color: #023368;background-color: #ffe522;\" ><\/span><p style=\"color:#023368;font-size: 20px;font-weight: 700;margin-bottom: 24px;\">Diagn\u00f3stico.<\/p><\/div><div class=\"q_icon_list\"><span aria-hidden=\"true\" class=\"qode_icon_font_elegant icon_volume-high_alt qode-ili-icon-holder circle\" style=\"font-size: 20px;color: #023368;background-color: #ffe522;\" ><\/span><p style=\"color:#023368;font-size: 20px;font-weight: 700;margin-bottom: 24px;\">Implementaci\u00f3n de Mejoras.<\/p><\/div><div class=\"q_icon_list\"><span aria-hidden=\"true\" class=\"qode_icon_font_elegant icon_adjust-vert qode-ili-icon-holder circle\" style=\"font-size: 20px;color: #023368;background-color: #ffe522;\" ><\/span><p style=\"color:#023368;font-size: 20px;font-weight: 700;margin-bottom: 24px;\">Capacitaci\u00f3n.<\/p><\/div><div class=\"q_icon_list\"><span aria-hidden=\"true\" class=\"qode_icon_font_elegant icon_info_alt qode-ili-icon-holder circle\" style=\"font-size: 20px;color: #023368;background-color: #ffe522;\" ><\/span><p style=\"color:#023368;font-size: 20px;font-weight: 700;margin-bottom: 24px;\">Seguimiento.<\/p><\/div>[\/qode_elements_holder_item][\/qode_elements_holder][\/vc_column][\/vc_row][vc_row css_animation=&#8221;&#8221; row_type=&#8221;row&#8221; use_row_as_full_screen_section=&#8221;no&#8221; type=&#8221;grid&#8221; angled_section=&#8221;no&#8221; text_align=&#8221;center&#8221; background_image_as_pattern=&#8221;without_pattern&#8221; css=&#8221;.vc_custom_1477997585982{padding-top: 82px !important;padding-bottom: 1px !important;}&#8221;][vc_column width=&#8221;1\/2&#8243; offset=&#8221;vc_col-lg-3 vc_col-md-3&#8243;]<span data-type=\"circle\" data-hover-bg-color=\"#ffe522\" data-hover-icon-color=\"#023368\" class=\"qode_icon_shortcode fa-stack q_font_awsome_icon_stack fa-lg  \" style=\"font-size: 49px;font-size: 73px; \"><i class=\"fa fa-circle fa-stack-base fa-stack-2x\" style=\"color: #ffe522;\"><\/i><span aria-hidden=\"true\" class=\"qode_icon_font_elegant icon_genius qode_icon_element fa-stack-1x\" style=\"font-size: 49px;color: #023368;\" ><\/span><\/span>[vc_empty_space height=&#8221;23px&#8221;][vc_column_text]<\/p>\n<h5>Consultor\u00eda Integral<\/h5>\n<p>[\/vc_column_text][vc_empty_space height=&#8221;18px&#8221;][vc_column_text]El prop\u00f3sito en el desarrollo de su empresa es guiar el control y administraci\u00f3n , calculando resultados y brindando soporte en las decisiones estrat\u00e9gicas mediante asesoramiento, gesti\u00f3n y experiencia.[\/vc_column_text][vc_empty_space height=&#8221;50px&#8221;]<a  itemprop=\"url\" href=\"#\" target=\"_self\"  class=\"qbutton  large default\" style=\"\">Saber M\u00e1s<\/a>[\/vc_column][vc_column width=&#8221;1\/2&#8243; offset=&#8221;vc_col-lg-3 vc_col-md-3&#8243;]<span data-type=\"circle\" data-hover-bg-color=\"#ffe522\" data-hover-icon-color=\"#023368\" class=\"qode_icon_shortcode fa-stack q_font_awsome_icon_stack fa-lg  \" style=\"font-size: 49px;font-size: 73px; \"><i class=\"fa fa-circle fa-stack-base fa-stack-2x\" style=\"color: #ffe522;\"><\/i><span aria-hidden=\"true\" class=\"qode_icon_font_elegant icon_building qode_icon_element fa-stack-1x\" style=\"font-size: 49px;color: #023368;\" ><\/span><\/span>[vc_empty_space height=&#8221;23px&#8221;][vc_column_text]<\/p>\n<h5>Inteligencia de Negocios<\/h5>\n<p>[\/vc_column_text][vc_empty_space height=&#8221;18px&#8221;][vc_column_text]El mundo de los negocios tiene su fundamento en la toma de decisiones estrat\u00e9gicas.[\/vc_column_text][vc_empty_space height=&#8221;50px&#8221;]<a  itemprop=\"url\" href=\"https:\/\/burovaldes.com\/consultoria-de-negocios\/inteligencia-de-negocios\/\" target=\"_self\"  class=\"qbutton  large default\" style=\"\">Saber M\u00e1s<\/a>[\/vc_column][vc_column width=&#8221;1\/2&#8243; offset=&#8221;vc_col-lg-3 vc_col-md-3&#8243;]<span data-type=\"circle\" data-hover-bg-color=\"#ffe522\" data-hover-icon-color=\"#023368\" class=\"qode_icon_shortcode fa-stack q_font_awsome_icon_stack fa-lg  \" style=\"font-size: 49px;font-size: 73px; \"><i class=\"fa fa-circle fa-stack-base fa-stack-2x\" style=\"color: #ffe522;\"><\/i><span aria-hidden=\"true\" class=\"qode_icon_font_elegant icon_toolbox_alt qode_icon_element fa-stack-1x\" style=\"font-size: 49px;color: #023368;\" ><\/span><\/span>[vc_empty_space height=&#8221;23px&#8221;][vc_column_text]<\/p>\n<h5>Marketing Digital<\/h5>\n<p>[\/vc_column_text][vc_empty_space height=&#8221;18px&#8221;][vc_column_text]El marketing digital es la aplicaci\u00f3n de las estrategias de comercializaci\u00f3n llevadas a cabo en los medios digitales.[\/vc_column_text][vc_empty_space height=&#8221;50px&#8221;]<a  itemprop=\"url\" href=\"https:\/\/burovaldes.com\/consultoria-de-negocios\/marketing-digital\/\" target=\"_self\"  class=\"qbutton  large default\" style=\"\">Saber M\u00e1s<\/a>[\/vc_column][vc_column width=&#8221;1\/2&#8243; offset=&#8221;vc_col-lg-3 vc_col-md-3&#8243;]<span data-type=\"circle\" data-hover-bg-color=\"#ffe522\" data-hover-icon-color=\"#023368\" class=\"qode_icon_shortcode fa-stack q_font_awsome_icon_stack fa-lg  \" style=\"font-size: 49px;font-size: 73px; \"><i class=\"fa fa-circle fa-stack-base fa-stack-2x\" style=\"color: #ffe522;\"><\/i><span aria-hidden=\"true\" class=\"qode_icon_font_elegant icon_easel qode_icon_element fa-stack-1x\" style=\"font-size: 49px;color: #023368;\" ><\/span><\/span>[vc_empty_space height=&#8221;23px&#8221;][vc_column_text]<\/p>\n<h5>Mejoramiento Continuo<\/h5>\n<p>[\/vc_column_text][vc_empty_space height=&#8221;18px&#8221;][vc_column_text]Es un conjunto de metodolog\u00edas y tareas establecidas para lograr una mejora continua de la empresa.[\/vc_column_text][vc_empty_space height=&#8221;50px&#8221;]<a  itemprop=\"url\" href=\"https:\/\/burovaldes.com\/consultoria-de-negocios\/mejoramiento-continuo\/\" target=\"_self\"  class=\"qbutton  large default\" style=\"\">Saber M\u00e1s<\/a>[\/vc_column][\/vc_row][vc_row css_animation=&#8221;&#8221; row_type=&#8221;row&#8221; use_row_as_full_screen_section=&#8221;no&#8221; type=&#8221;full_width&#8221; angled_section=&#8221;no&#8221; text_align=&#8221;left&#8221; background_image_as_pattern=&#8221;without_pattern&#8221;][vc_column][vc_empty_space height=&#8221;80px&#8221;][\/vc_column][\/vc_row]<\/p>\n","protected":false},"excerpt":{"rendered":"<p>[vc_row css_animation=&#8221;&#8221; row_type=&#8221;row&#8221; use_row_as_full_screen_section=&#8221;no&#8221; type=&#8221;full_width&#8221; angled_section=&#8221;no&#8221; text_align=&#8221;left&#8221; background_image_as_pattern=&#8221;without_pattern&#8221; css=&#8221;.vc_custom_1473947892486{padding-top: 74px !important;}&#8221;][vc_column][qode_elements_holder number_of_columns=&#8221;two_columns&#8221; switch_to_one_column=&#8221;1000&#8243;][qode_elements_holder_item item_padding=&#8221;0 12.5% 0 0&#8243; vertical_alignment=&#8221;middle&#8221; advanced_animations=&#8221;no&#8221; item_padding_768_1024=&#8221;0&#8230;<\/p>\n","protected":false},"author":3,"featured_media":0,"parent":0,"menu_order":0,"comment_status":"closed","ping_status":"closed","template":"full_width.php","meta":{"footnotes":""},"yst_prominent_words":[154,324,63,65,325,70,60,93],"class_list":["post-234","page","type-page","status-publish","hentry"],"_links":{"self":[{"href":"https:\/\/burovaldes.com\/consultoria-de-negocios\/wp-json\/wp\/v2\/pages\/234","targetHints":{"allow":["GET"]}}],"collection":[{"href":"https:\/\/burovaldes.com\/consultoria-de-negocios\/wp-json\/wp\/v2\/pages"}],"about":[{"href":"https:\/\/burovaldes.com\/consultoria-de-negocios\/wp-json\/wp\/v2\/types\/page"}],"author":[{"embeddable":true,"href":"https:\/\/burovaldes.com\/consultoria-de-negocios\/wp-json\/wp\/v2\/users\/3"}],"replies":[{"embeddable":true,"href":"https:\/\/burovaldes.com\/consultoria-de-negocios\/wp-json\/wp\/v2\/comments?post=234"}],"version-history":[{"count":26,"href":"https:\/\/burovaldes.com\/consultoria-de-negocios\/wp-json\/wp\/v2\/pages\/234\/revisions"}],"predecessor-version":[{"id":3650,"href":"https:\/\/burovaldes.com\/consultoria-de-negocios\/wp-json\/wp\/v2\/pages\/234\/revisions\/3650"}],"wp:attachment":[{"href":"https:\/\/burovaldes.com\/consultoria-de-negocios\/wp-json\/wp\/v2\/media?parent=234"}],"wp:term":[{"taxonomy":"yst_prominent_words","embeddable":true,"href":"https:\/\/burovaldes.com\/consultoria-de-negocios\/wp-json\/wp\/v2\/yst_prominent_words?post=234"}],"curies":[{"name":"wp","href":"https:\/\/api.w.org\/{rel}","templated":true}]}}