{"id":3320,"date":"2019-08-22T21:11:29","date_gmt":"2019-08-22T21:11:29","guid":{"rendered":"https:\/\/burovaldes.com\/consultoria-de-negocios\/inteligencia-de-negocios-copy\/"},"modified":"2022-06-27T01:29:51","modified_gmt":"2022-06-27T01:29:51","slug":"mejoramiento-continuo","status":"publish","type":"page","link":"https:\/\/burovaldes.com\/consultoria-de-negocios\/mejoramiento-continuo\/","title":{"rendered":"Mejoramiento Continuo"},"content":{"rendered":"<p>[vc_row css_animation=&#8221;&#8221; row_type=&#8221;row&#8221; use_row_as_full_screen_section=&#8221;no&#8221; type=&#8221;grid&#8221; angled_section=&#8221;no&#8221; text_align=&#8221;left&#8221; background_image_as_pattern=&#8221;without_pattern&#8221; css=&#8221;.vc_custom_1566322549220{padding-top: 80px !important;padding-bottom: 80px !important;}&#8221; z_index=&#8221;&#8221;][vc_column][vc_column_text]<\/p>\n<div class=\"wpb_text_column wpb_content_element \">\n<div class=\"wpb_wrapper\">\n<h2 style=\"text-align: center;\">\u00bfEn qu\u00e9 consiste?<\/h2>\n<\/div>\n<\/div>\n<p>[\/vc_column_text][\/vc_column][vc_column width=&#8221;1\/4&#8243;]<div class='q_icon_with_title medium normal_icon center '><div class=\"icon_holder \" style=\" \"><span data-icon-type=\"normal\"   style=\"\" class=\"qode_iwt_icon_holder q_font_awsome_icon fa-3x  \"><i class=\"qode_icon_font_awesome fa fa-check-square qode_iwt_icon_element\" style=\"\" ><\/i><\/span><\/div><div class=\"icon_text_holder\" style=\"\"><div class=\"icon_text_inner\" style=\"\"><h5 class=\"icon_title\" style=\"\">Diagn\u00f3stico de Calidad en base a ISO 9001<\/h5><p style=''><\/p><\/div><\/div><\/div>[vc_column_text]<\/p>\n<p style=\"text-align: justify;\">Lograr la calidad de los productos y servicios que se ofrecen al cliente, controlando y mejorando aquellos elementos que influyen en el cumplimiento de sus requisitos para obtener su satisfacci\u00f3n.<\/p>\n<p>[\/vc_column_text][\/vc_column][vc_column width=&#8221;1\/4&#8243;]<div class='q_icon_with_title medium normal_icon center '><div class=\"icon_holder \" style=\" \"><span data-icon-type=\"normal\"   style=\"\" class=\"qode_iwt_icon_holder q_font_awsome_icon fa-3x  \"><i class=\"qodef-icon-dripicons dripicon dripicons-document-remove qode_iwt_icon_element\" style=\"\" ><\/i><\/span><\/div><div class=\"icon_text_holder\" style=\"\"><div class=\"icon_text_inner\" style=\"\"><h5 class=\"icon_title\" style=\"\">Auditor\u00edas Internas<\/h5><p style=''><\/p><\/div><\/div><\/div>[vc_column_text]<\/p>\n<p style=\"text-align: justify;\">Dar cumplimiento a los controles internos dise\u00f1ados por la gerencia, agregando valor a la organizaci\u00f3n y corregir las debilidades de control interno mejorando la eficacia de los procesos.<\/p>\n<p>[\/vc_column_text][\/vc_column][vc_column width=&#8221;1\/4&#8243;]<div class='q_icon_with_title medium normal_icon center '><div class=\"icon_holder \" style=\" \"><span data-icon-type=\"normal\"   style=\"\" class=\"qode_iwt_icon_holder q_font_awsome_icon fa-3x  \"><i class=\"qodef-icon-dripicons dripicon dripicons-graph-pie qode_iwt_icon_element\" style=\"\" ><\/i><\/span><\/div><div class=\"icon_text_holder\" style=\"\"><div class=\"icon_text_inner\" style=\"\"><h5 class=\"icon_title\" style=\"\">An\u00e1lisis Estad\u00edstico de Datos<\/h5><p style=''><\/p><\/div><\/div><\/div>[vc_column_text]<\/p>\n<p style=\"text-align: justify;\">En el contexto de la Inteligencia de Negocios (BI), el an\u00e1lisis estad\u00edstico requiere\u00a0 investigar cada muestra de datos individual en una serie de art\u00edculos donde se pueden extraer las muestras.<\/p>\n<p>[\/vc_column_text][\/vc_column][vc_column width=&#8221;1\/4&#8243;]<div class='q_icon_with_title medium normal_icon center '><div class=\"icon_holder \" style=\" \"><span data-icon-type=\"normal\"   style=\"\" class=\"qode_iwt_icon_holder q_font_awsome_icon fa-3x  \"><span aria-hidden=\"true\" class=\"qode_icon_font_elegant icon_toolbox_alt qode_iwt_icon_element\" style=\"\" ><\/span><\/span><\/div><div class=\"icon_text_holder\" style=\"\"><div class=\"icon_text_inner\" style=\"\"><h5 class=\"icon_title\" style=\"\">Evaluaci\u00f3n de Proveedores.<\/h5><p style=''><\/p><\/div><\/div><\/div>[vc_column_text]<\/p>\n<p style=\"text-align: justify;\">Facilitar a las empresas los materiales b\u00e1sicos para sus productos o servicios. De ellos depende la calidad y la eficacia de las piezas o herramientas entregadas.<\/p>\n<p>[\/vc_column_text][\/vc_column][\/vc_row][vc_row css_animation=&#8221;&#8221; row_type=&#8221;row&#8221; use_row_as_full_screen_section=&#8221;no&#8221; type=&#8221;grid&#8221; angled_section=&#8221;no&#8221; text_align=&#8221;left&#8221; background_image_as_pattern=&#8221;without_pattern&#8221; z_index=&#8221;&#8221;][vc_column width=&#8221;1\/4&#8243;]<div class='q_icon_with_title medium normal_icon center '><div class=\"icon_holder \" style=\" \"><span data-icon-type=\"normal\"   style=\"\" class=\"qode_iwt_icon_holder q_font_awsome_icon fa-3x  \"><i class=\"qodef-icon-dripicons dripicon dripicons-checkmark qode_iwt_icon_element\" style=\"\" ><\/i><\/span><\/div><div class=\"icon_text_holder\" style=\"\"><div class=\"icon_text_inner\" style=\"\"><h5 class=\"icon_title\" style=\"\">Capacitaciones en Gesti\u00f3n de Calidad<\/h5><p style=''><\/p><\/div><\/div><\/div>[vc_column_text]<\/p>\n<p style=\"text-align: justify;\">Mejorar la gesti\u00f3n de la calidad de una organizaci\u00f3n con las principales herramientas de la industria, incluyendo normativa ISO y su aplicaci\u00f3n pr\u00e1ctica.<\/p>\n<p>[\/vc_column_text][\/vc_column][vc_column width=&#8221;1\/4&#8243;]<div class='q_icon_with_title medium normal_icon center '><div class=\"icon_holder \" style=\" \"><span data-icon-type=\"normal\"   style=\"\" class=\"qode_iwt_icon_holder q_font_awsome_icon fa-3x  \"><i class=\"qodef-icon-dripicons dripicon dripicons-list qode_iwt_icon_element\" style=\"\" ><\/i><\/span><\/div><div class=\"icon_text_holder\" style=\"\"><div class=\"icon_text_inner\" style=\"\"><h5 class=\"icon_title\" style=\"\">Acciones Correctivas<\/h5><p style=''><\/p><\/div><\/div><\/div>[vc_column_text]<\/p>\n<p style=\"text-align: justify;\">Las Empresas deben tomar acciones para eliminar la causa de no conformidades, con el objeto de prevenir que no vuelva a ocurrir, aplicando diferentes acciones correctivas para enmendar el error.<\/p>\n<p>[\/vc_column_text][\/vc_column][vc_column width=&#8221;1\/4&#8243;]<div class='q_icon_with_title medium normal_icon center '><div class=\"icon_holder \" style=\" \"><span data-icon-type=\"normal\"   style=\"\" class=\"qode_iwt_icon_holder q_font_awsome_icon fa-3x  \"><span aria-hidden=\"true\" class=\"qode_icon_font_elegant icon_like_alt qode_iwt_icon_element\" style=\"\" ><\/span><\/span><\/div><div class=\"icon_text_holder\" style=\"\"><div class=\"icon_text_inner\" style=\"\"><h5 class=\"icon_title\" style=\"\">An\u00e1lisis de Satisfacci\u00f3n del Usuario \/ Cliente<\/h5><p style=''><\/p><\/div><\/div><\/div>[vc_column_text]<\/p>\n<p style=\"text-align: justify;\">Ofrecer un producto de calidad cumpliendo con un buen servicio al cliente, resolviendo, en forma oportuna, problemas, quejas y\/o reclamos.<\/p>\n<p>[\/vc_column_text][\/vc_column][vc_column width=&#8221;1\/4&#8243;]<div class='q_icon_with_title medium normal_icon center '><div class=\"icon_holder \" style=\" \"><span data-icon-type=\"normal\"   style=\"\" class=\"qode_iwt_icon_holder q_font_awsome_icon fa-3x  \"><i class=\"qode_icon_font_awesome fa fa-bar-chart qode_iwt_icon_element\" style=\"\" ><\/i><\/span><\/div><div class=\"icon_text_holder\" style=\"\"><div class=\"icon_text_inner\" style=\"\"><h5 class=\"icon_title\" style=\"\">Monitoreo de Calidad de Transacciones<\/h5><p style=''><\/p><\/div><\/div><\/div>[vc_column_text]<\/p>\n<p style=\"text-align: justify;\">Marcar diferencia en comunicaci\u00f3n e imagen de la empresa manteniendo un buen servicio de atenci\u00f3n y analizando, en forma estrat\u00e9gica, los indicadores de desempe\u00f1o.<\/p>\n<p>[\/vc_column_text][\/vc_column][\/vc_row][vc_row css_animation=&#8221;&#8221; row_type=&#8221;row&#8221; use_row_as_full_screen_section=&#8221;no&#8221; type=&#8221;full_width&#8221; angled_section=&#8221;no&#8221; text_align=&#8221;left&#8221; background_image_as_pattern=&#8221;without_pattern&#8221; css=&#8221;.vc_custom_1473947892486{padding-top: 74px !important;}&#8221;][vc_column][qode_elements_holder number_of_columns=&#8221;two_columns&#8221; switch_to_one_column=&#8221;1000&#8243;][qode_elements_holder_item item_padding=&#8221;0 12.5% 0 0&#8243; vertical_alignment=&#8221;middle&#8221; advanced_animations=&#8221;no&#8221; item_padding_768_1024=&#8221;0 0 7% 0&#8243; item_padding_600_768=&#8221;0 10% 7%&#8221; item_padding_480_600=&#8221;0 10% 10%&#8221; item_padding_480=&#8221;0 10% 12%&#8221;]<div class=\"qode-cards-gallery-holder right\" data-side=right>\n    <div class=\"qode-cards-gallery\">\n                    <div class=\"card\" >\n                                    <img decoding=\"async\" src=\"#\" alt=\"\" class=\"qode-lazy-image\" data-image=\"https:\/\/burovaldes.com\/consultoria-de-negocios\/wp-content\/uploads\/2019\/09\/gestion-de-calidad-11.jpeg\" style=\"width:1500px;height:1px\" data-ratio=\"0.46933333333333\" data-lazy=\"true\" \/>\n                            <\/div>\n            <\/div>\n    <div class=\"fake_card\">\n        <img decoding=\"async\" src=\"https:\/\/burovaldes.com\/consultoria-de-negocios\/wp-content\/uploads\/2019\/09\/gestion-de-calidad-11.jpeg\" alt=\"\">\n    <\/div>\n<\/div>[\/qode_elements_holder_item][qode_elements_holder_item item_padding=&#8221;0 33% 0 0&#8243; vertical_alignment=&#8221;middle&#8221; advanced_animations=&#8221;no&#8221; item_padding_1280_1440=&#8221;0 10% 0 0&#8243; item_padding_1024_1280=&#8221;0 0 0 0&#8243; item_padding_768_1024=&#8221;0 10%&#8221; item_padding_600_768=&#8221;0 10%&#8221; item_padding_480_600=&#8221;0 10%&#8221; item_padding_480=&#8221;0 10%&#8221;][vc_column_text]<\/p>\n<h3>Beneficios del Mejoramiento Continuo.<\/h3>\n<p>[\/vc_column_text][vc_empty_space height=&#8221;27px&#8221;][vc_column_text]<\/p>\n<h4><span style=\"color: #000080;\"><strong>Implementar las buenas pr\u00e1cticas permite:\u00a0<\/strong><\/span><\/h4>\n<p>[\/vc_column_text][vc_empty_space height=&#8221;33px&#8221;]<div class=\"q_icon_list\"><i class=\"qode_icon_font_awesome fa fa-handshake-o qode-ili-icon-holder circle\" style=\"font-size: 20px;color: #023368;background-color: #ffe522;\" ><\/i><p style=\"color:#023368;font-size: 18px;font-weight: 700;margin-bottom: 24px;\">Mejorar la imagen y credibilidad de su negocio.<\/p><\/div><div class=\"q_icon_list\"><span aria-hidden=\"true\" class=\"qode_icon_font_elegant icon_check qode-ili-icon-holder circle\" style=\"font-size: 20px;color: #023368;background-color: #ffe522;\" ><\/span><p style=\"color:#023368;font-size: 18px;font-weight: 700;margin-bottom: 24px;\">Satisfacer mejor las necesidades y exigencias del Cliente.<\/p><\/div><div class=\"q_icon_list\"><span aria-hidden=\"true\" class=\"qode_icon_font_elegant icon_error-triangle_alt qode-ili-icon-holder circle\" style=\"font-size: 20px;color: #023368;background-color: #ffe522;\" ><\/span><p style=\"color:#023368;font-size: 18px;font-weight: 700;margin-bottom: 24px;\">Prevenir ineficiencias que pueden surgir en los procesos.<\/p><\/div><div class=\"q_icon_list\"><span aria-hidden=\"true\" class=\"qode_icon_font_elegant icon_question qode-ili-icon-holder circle\" style=\"font-size: 20px;color: #023368;background-color: #ffe522;\" ><\/span><p style=\"color:#023368;font-size: 18px;font-weight: 700;margin-bottom: 24px;\">Aumenta la productividad.<\/p><\/div>[\/qode_elements_holder_item][\/qode_elements_holder][\/vc_column][\/vc_row][vc_row css_animation=&#8221;&#8221; row_type=&#8221;row&#8221; use_row_as_full_screen_section=&#8221;no&#8221; type=&#8221;full_width&#8221; angled_section=&#8221;no&#8221; text_align=&#8221;left&#8221; background_image_as_pattern=&#8221;without_pattern&#8221; css=&#8221;.vc_custom_1566322512494{padding-top: 80px !important;padding-bottom: 80px !important;}&#8221; z_index=&#8221;&#8221;][vc_column][\/vc_column][\/vc_row]<\/p>\n","protected":false},"excerpt":{"rendered":"<p>[vc_row css_animation=&#8221;&#8221; row_type=&#8221;row&#8221; use_row_as_full_screen_section=&#8221;no&#8221; type=&#8221;grid&#8221; angled_section=&#8221;no&#8221; text_align=&#8221;left&#8221; background_image_as_pattern=&#8221;without_pattern&#8221; css=&#8221;.vc_custom_1566322549220{padding-top: 80px !important;padding-bottom: 80px !important;}&#8221; z_index=&#8221;&#8221;][vc_column][vc_column_text] \u00bfEn qu\u00e9 consiste? [\/vc_column_text][\/vc_column][vc_column width=&#8221;1\/4&#8243;][vc_column_text] Lograr&#8230;<\/p>\n","protected":false},"author":3,"featured_media":0,"parent":0,"menu_order":0,"comment_status":"closed","ping_status":"closed","template":"full_width.php","meta":{"footnotes":""},"yst_prominent_words":[193,190,192,187,201,189,191,282,160,283,115,197,564,112,281,196,250,195,194,119],"class_list":["post-3320","page","type-page","status-publish","hentry"],"_links":{"self":[{"href":"https:\/\/burovaldes.com\/consultoria-de-negocios\/wp-json\/wp\/v2\/pages\/3320","targetHints":{"allow":["GET"]}}],"collection":[{"href":"https:\/\/burovaldes.com\/consultoria-de-negocios\/wp-json\/wp\/v2\/pages"}],"about":[{"href":"https:\/\/burovaldes.com\/consultoria-de-negocios\/wp-json\/wp\/v2\/types\/page"}],"author":[{"embeddable":true,"href":"https:\/\/burovaldes.com\/consultoria-de-negocios\/wp-json\/wp\/v2\/users\/3"}],"replies":[{"embeddable":true,"href":"https:\/\/burovaldes.com\/consultoria-de-negocios\/wp-json\/wp\/v2\/comments?post=3320"}],"version-history":[{"count":65,"href":"https:\/\/burovaldes.com\/consultoria-de-negocios\/wp-json\/wp\/v2\/pages\/3320\/revisions"}],"predecessor-version":[{"id":4380,"href":"https:\/\/burovaldes.com\/consultoria-de-negocios\/wp-json\/wp\/v2\/pages\/3320\/revisions\/4380"}],"wp:attachment":[{"href":"https:\/\/burovaldes.com\/consultoria-de-negocios\/wp-json\/wp\/v2\/media?parent=3320"}],"wp:term":[{"taxonomy":"yst_prominent_words","embeddable":true,"href":"https:\/\/burovaldes.com\/consultoria-de-negocios\/wp-json\/wp\/v2\/yst_prominent_words?post=3320"}],"curies":[{"name":"wp","href":"https:\/\/api.w.org\/{rel}","templated":true}]}}