{"id":3732,"date":"2019-09-19T13:45:37","date_gmt":"2019-09-19T13:45:37","guid":{"rendered":"https:\/\/burovaldes.com\/consultoria-de-negocios\/marketing-digital-copy-copy\/"},"modified":"2025-09-21T17:34:43","modified_gmt":"2025-09-21T17:34:43","slug":"inteligencia-artificial","status":"publish","type":"page","link":"https:\/\/burovaldes.com\/consultoria-de-negocios\/inteligencia-artificial\/","title":{"rendered":"Inteligencia Artificial"},"content":{"rendered":"<p>[vc_row css_animation=&#8221;&#8221; row_type=&#8221;row&#8221; use_row_as_full_screen_section=&#8221;no&#8221; type=&#8221;grid&#8221; angled_section=&#8221;no&#8221; text_align=&#8221;left&#8221; background_image_as_pattern=&#8221;without_pattern&#8221; css=&#8221;.vc_custom_1566322549220{padding-top: 80px !important;padding-bottom: 80px !important;}&#8221; z_index=&#8221;&#8221;][vc_column][vc_column_text]<\/p>\n<div class=\"wpb_text_column wpb_content_element \">\n<div class=\"wpb_wrapper\">\n<h2 style=\"text-align: center;\">\u00bfEn qu\u00e9 consiste?<\/h2>\n<\/div>\n<\/div>\n<p>[\/vc_column_text][\/vc_column][vc_column width=&#8221;1\/3&#8243;]<div class='q_icon_with_title medium normal_icon center qode-iwt-content-alignment-left '><div class=\"icon_holder \" style=\" \"><span data-icon-type=\"normal\"   style=\"\" class=\"qode_iwt_icon_holder q_font_awsome_icon fa-3x  \"><i class=\"qode_icon_font_awesome fa fa-american-sign-language-interpreting qode_iwt_icon_element\" style=\"\" ><\/i><\/span><\/div><div class=\"icon_text_holder\" style=\"\"><div class=\"icon_text_inner\" style=\"\"><h5 class=\"icon_title\" style=\"\">Capacidad de una m\u00e1quina de realizar alguna de las siguientes actividades:<\/h5><p style=''><\/p><\/div><\/div><\/div>[vc_column_text]<\/p>\n<p style=\"text-align: justify;\">Pensar de forma humana, Actuar de forma humana, Pensar racionalmente, Actuar racionalmente.<\/p>\n<p>[\/vc_column_text][\/vc_column][vc_column width=&#8221;1\/3&#8243;]<div class='q_icon_with_title medium normal_icon center '><div class=\"icon_holder \" style=\" \"><span data-icon-type=\"normal\"   style=\"\" class=\"qode_iwt_icon_holder q_font_awsome_icon fa-3x  \"><i class=\"qode_icon_font_awesome fa fa-signal qode_iwt_icon_element\" style=\"\" ><\/i><\/span><\/div><div class=\"icon_text_holder\" style=\"\"><div class=\"icon_text_inner\" style=\"\"><h5 class=\"icon_title\" style=\"\">Los cuatro tipos de inteligencia artificial.<\/h5><p style=''><\/p><\/div><\/div><\/div>[vc_column_text]<\/p>\n<p style=\"text-align: justify;\">M\u00e1quinas reactivas, M\u00e1quinas con memoria limitada, M\u00e1quinas con una teor\u00eda de la mente y M\u00e1quinas con conciencia propia.<\/p>\n<p>[\/vc_column_text][\/vc_column][vc_column width=&#8221;1\/3&#8243;]<div class='q_icon_with_title medium normal_icon center '><div class=\"icon_holder \" style=\" \"><span data-icon-type=\"normal\"   style=\"\" class=\"qode_iwt_icon_holder q_font_awsome_icon fa-3x  \"><i class=\"qode_icon_font_awesome fa fa-share qode_iwt_icon_element\" style=\"\" ><\/i><\/span><\/div><div class=\"icon_text_holder\" style=\"\"><div class=\"icon_text_inner\" style=\"\"><h5 class=\"icon_title\" style=\"\">Inteligencia Artificial ya est\u00e1 disponible en nuestros tel\u00e9fonos.<\/h5><p style=''><\/p><\/div><\/div><\/div>[vc_column_text]Estas aplicaciones son s\u00f3lo la punta del iceberg: Personalizaci\u00f3n, Eficiencia, Rendimiento y velocidad, Seguridad, Reconocimiento de voz, C\u00e1maras fotogr\u00e1ficas, Identificaci\u00f3n de im\u00e1genes y Reconocimiento facial.[\/vc_column_text][\/vc_column][\/vc_row][vc_row css_animation=&#8221;&#8221; row_type=&#8221;row&#8221; use_row_as_full_screen_section=&#8221;no&#8221; type=&#8221;grid&#8221; angled_section=&#8221;no&#8221; text_align=&#8221;left&#8221; background_image_as_pattern=&#8221;without_pattern&#8221; z_index=&#8221;&#8221;][vc_column width=&#8221;1\/3&#8243;]<div class='q_icon_with_title medium normal_icon center qode-iwt-content-alignment-left '><div class=\"icon_holder \" style=\" \"><span data-icon-type=\"normal\"   style=\"\" class=\"qode_iwt_icon_holder q_font_awsome_icon fa-3x  \"><i class=\"qode_icon_font_awesome fa fa-bell qode_iwt_icon_element\" style=\"\" ><\/i><\/span><\/div><div class=\"icon_text_holder\" style=\"\"><div class=\"icon_text_inner\" style=\"\"><h5 class=\"icon_title\" style=\"\">Ejemplos de Inteligencia Artificial<\/h5><p style=''><\/p><\/div><\/div><\/div>[vc_column_text]Asistente virtual en Microsoft, Skype Translator, Word con inteligencia Artificial, Messenger, Whatsapp, Skype, Facebook, Veh\u00edculos aut\u00f3nomos, Ahorro en la energ\u00eda, Detecci\u00f3n de Fraude, Vigilancia y Seguridad, Administraci\u00f3n de Fotograf\u00edas, VideoJuegos, Automatizaci\u00f3n de Noticias y Administraci\u00f3n de casas inteligentes[\/vc_column_text][\/vc_column][vc_column width=&#8221;1\/3&#8243;]<div class='q_icon_with_title medium normal_icon center '><div class=\"icon_holder \" style=\" \"><span data-icon-type=\"normal\"   style=\"\" class=\"qode_iwt_icon_holder q_font_awsome_icon fa-3x  \"><i class=\"qode_icon_font_awesome fa fa-flag qode_iwt_icon_element\" style=\"\" ><\/i><\/span><\/div><div class=\"icon_text_holder\" style=\"\"><div class=\"icon_text_inner\" style=\"\"><h5 class=\"icon_title\" style=\"\">\u00bfQu\u00e9 es el machine learning?<\/h5><p style=''><\/p><\/div><\/div><\/div>[vc_column_text]El machine learning permite a los ordenadores aprender sin necesidad de haber sido expl\u00edcitamente programados para ello. Son los avances en este campo, especialmente en el deep learning, los que han producido la reciente proliferaci\u00f3n de la IA.[\/vc_column_text][\/vc_column][vc_column width=&#8221;1\/3&#8243;]<div class='q_icon_with_title medium normal_icon center '><div class=\"icon_holder \" style=\" \"><span data-icon-type=\"normal\"   style=\"\" class=\"qode_iwt_icon_holder q_font_awsome_icon fa-3x  \"><i class=\"qode_icon_font_awesome fa fa-id-card qode_iwt_icon_element\" style=\"\" ><\/i><\/span><\/div><div class=\"icon_text_holder\" style=\"\"><div class=\"icon_text_inner\" style=\"\"><h5 class=\"icon_title\" style=\"\">\u00bfQu\u00e9 es deep learning?<\/h5><p style=''><\/p><\/div><\/div><\/div>[vc_column_text]Es un tipo de machine learning inspirado en c\u00f3mo las redes neuronales del cerebro humano procesan la informaci\u00f3n. En estos sistemas, cada capa de la red neuronal transforma los datos que recibe en una representaci\u00f3n m\u00e1s compleja.[\/vc_column_text][\/vc_column][\/vc_row][vc_row css_animation=&#8221;&#8221; row_type=&#8221;row&#8221; use_row_as_full_screen_section=&#8221;no&#8221; type=&#8221;full_width&#8221; angled_section=&#8221;no&#8221; text_align=&#8221;left&#8221; background_image_as_pattern=&#8221;without_pattern&#8221; css=&#8221;.vc_custom_1473947892486{padding-top: 74px !important;}&#8221;][vc_column][qode_elements_holder number_of_columns=&#8221;two_columns&#8221; switch_to_one_column=&#8221;1000&#8243;][qode_elements_holder_item item_padding=&#8221;0 12.5% 0 0&#8243; vertical_alignment=&#8221;middle&#8221; advanced_animations=&#8221;no&#8221; item_padding_768_1024=&#8221;0 0 7% 0&#8243; item_padding_600_768=&#8221;0 10% 7%&#8221; item_padding_480_600=&#8221;0 10% 10%&#8221; item_padding_480=&#8221;0 10% 12%&#8221;]<div class=\"qode-cards-gallery-holder right\" data-side=right>\n    <div class=\"qode-cards-gallery\">\n                    <div class=\"card\" >\n                                    <img decoding=\"async\" src=\"#\" alt=\"\" class=\"qode-lazy-image\" data-image=\"https:\/\/burovaldes.com\/consultoria-de-negocios\/wp-content\/uploads\/2019\/08\/tips-para-un-marketing-digital-exitoso.jpg\" style=\"width:852px;height:1px\" data-ratio=\"0.56220657276995\" data-lazy=\"true\" \/>\n                            <\/div>\n            <\/div>\n    <div class=\"fake_card\">\n        <img decoding=\"async\" src=\"https:\/\/burovaldes.com\/consultoria-de-negocios\/wp-content\/uploads\/2019\/08\/tips-para-un-marketing-digital-exitoso.jpg\" alt=\"\">\n    <\/div>\n<\/div>[\/qode_elements_holder_item][qode_elements_holder_item item_padding=&#8221;0 33% 0 0&#8243; vertical_alignment=&#8221;middle&#8221; advanced_animations=&#8221;no&#8221; item_padding_1280_1440=&#8221;0 10% 0 0&#8243; item_padding_1024_1280=&#8221;0 0 0 0&#8243; item_padding_768_1024=&#8221;0 10%&#8221; item_padding_600_768=&#8221;0 10%&#8221; item_padding_480_600=&#8221;0 10%&#8221; item_padding_480=&#8221;0 10%&#8221;][vc_column_text]<\/p>\n<h2>Beneficios de la I.A.<\/h2>\n<p>[\/vc_column_text][vc_empty_space height=&#8221;27px&#8221;][vc_column_text]Una realidad que est\u00e1 cambiando el mundo tecnol\u00f3gico y empresarial.[\/vc_column_text][vc_empty_space height=&#8221;33px&#8221;]<div class=\"q_icon_list\"><span aria-hidden=\"true\" class=\"qode_icon_font_elegant icon_comment_alt qode-ili-icon-holder circle\" style=\"font-size: 20px;color: #023368;background-color: #ffe522;\" ><\/span><p style=\"color:#023368;font-size: 20px;font-weight: 700;margin-bottom: 24px;\">Reaccionar antes ante los cambios del mercado.<\/p><\/div><div class=\"q_icon_list\"><span aria-hidden=\"true\" class=\"qode_icon_font_elegant icon_volume-high_alt qode-ili-icon-holder circle\" style=\"font-size: 20px;color: #023368;background-color: #ffe522;\" ><\/span><p style=\"color:#023368;font-size: 20px;font-weight: 700;margin-bottom: 24px;\">Explorar nuevas oportunidades y l\u00edneas de negocio.<\/p><\/div><div class=\"q_icon_list\"><span aria-hidden=\"true\" class=\"qode_icon_font_elegant icon_adjust-vert qode-ili-icon-holder circle\" style=\"font-size: 20px;color: #023368;background-color: #ffe522;\" ><\/span><p style=\"color:#023368;font-size: 20px;font-weight: 700;margin-bottom: 24px;\">Potenciar la innovaci\u00f3n.<\/p><\/div><div class=\"q_icon_list\"><span aria-hidden=\"true\" class=\"qode_icon_font_elegant icon_info_alt qode-ili-icon-holder circle\" style=\"font-size: 20px;color: #023368;background-color: #ffe522;\" ><\/span><p style=\"color:#023368;font-size: 20px;font-weight: 700;margin-bottom: 24px;\">Dise\u00f1ar mejor la estrategia.<\/p><\/div>[\/qode_elements_holder_item][\/qode_elements_holder][\/vc_column][\/vc_row]<\/p>\n","protected":false},"excerpt":{"rendered":"<p>[vc_row css_animation=&#8221;&#8221; row_type=&#8221;row&#8221; use_row_as_full_screen_section=&#8221;no&#8221; type=&#8221;grid&#8221; angled_section=&#8221;no&#8221; text_align=&#8221;left&#8221; background_image_as_pattern=&#8221;without_pattern&#8221; css=&#8221;.vc_custom_1566322549220{padding-top: 80px !important;padding-bottom: 80px !important;}&#8221; z_index=&#8221;&#8221;][vc_column][vc_column_text] \u00bfEn qu\u00e9 consiste? [\/vc_column_text][\/vc_column][vc_column width=&#8221;1\/3&#8243;][vc_column_text] Pensar&#8230;<\/p>\n","protected":false},"author":3,"featured_media":0,"parent":0,"menu_order":0,"comment_status":"closed","ping_status":"closed","template":"full_width.php","meta":{"footnotes":""},"yst_prominent_words":[],"class_list":["post-3732","page","type-page","status-publish","hentry"],"_links":{"self":[{"href":"https:\/\/burovaldes.com\/consultoria-de-negocios\/wp-json\/wp\/v2\/pages\/3732","targetHints":{"allow":["GET"]}}],"collection":[{"href":"https:\/\/burovaldes.com\/consultoria-de-negocios\/wp-json\/wp\/v2\/pages"}],"about":[{"href":"https:\/\/burovaldes.com\/consultoria-de-negocios\/wp-json\/wp\/v2\/types\/page"}],"author":[{"embeddable":true,"href":"https:\/\/burovaldes.com\/consultoria-de-negocios\/wp-json\/wp\/v2\/users\/3"}],"replies":[{"embeddable":true,"href":"https:\/\/burovaldes.com\/consultoria-de-negocios\/wp-json\/wp\/v2\/comments?post=3732"}],"version-history":[{"count":16,"href":"https:\/\/burovaldes.com\/consultoria-de-negocios\/wp-json\/wp\/v2\/pages\/3732\/revisions"}],"predecessor-version":[{"id":98788,"href":"https:\/\/burovaldes.com\/consultoria-de-negocios\/wp-json\/wp\/v2\/pages\/3732\/revisions\/98788"}],"wp:attachment":[{"href":"https:\/\/burovaldes.com\/consultoria-de-negocios\/wp-json\/wp\/v2\/media?parent=3732"}],"wp:term":[{"taxonomy":"yst_prominent_words","embeddable":true,"href":"https:\/\/burovaldes.com\/consultoria-de-negocios\/wp-json\/wp\/v2\/yst_prominent_words?post=3732"}],"curies":[{"name":"wp","href":"https:\/\/api.w.org\/{rel}","templated":true}]}}