{"id":3733,"date":"2019-09-19T13:45:58","date_gmt":"2019-09-19T13:45:58","guid":{"rendered":"https:\/\/burovaldes.com\/consultoria-de-negocios\/inteligencia-de-negocios-copy\/"},"modified":"2022-06-19T00:14:01","modified_gmt":"2022-06-19T00:14:01","slug":"marketing-digital","status":"publish","type":"page","link":"https:\/\/burovaldes.com\/consultoria-de-negocios\/marketing-digital\/","title":{"rendered":"Marketing Digital"},"content":{"rendered":"<p>[vc_row css_animation=&#8221;&#8221; row_type=&#8221;row&#8221; use_row_as_full_screen_section=&#8221;no&#8221; type=&#8221;grid&#8221; angled_section=&#8221;no&#8221; text_align=&#8221;left&#8221; background_image_as_pattern=&#8221;without_pattern&#8221; css=&#8221;.vc_custom_1566322549220{padding-top: 80px !important;padding-bottom: 80px !important;}&#8221; z_index=&#8221;&#8221;][vc_column][vc_column_text]<\/p>\n<div class=\"wpb_text_column wpb_content_element \">\n<div class=\"wpb_wrapper\">\n<h2 style=\"text-align: center;\">\u00bfEn qu\u00e9 consiste?<\/h2>\n<\/div>\n<\/div>\n<p>[\/vc_column_text][\/vc_column][vc_column width=&#8221;1\/3&#8243;]<div class='q_icon_with_title medium normal_icon center '><div class=\"icon_holder \" style=\" \"><span data-icon-type=\"normal\"   style=\"\" class=\"qode_iwt_icon_holder q_font_awsome_icon fa-3x  \"><i class=\"qode_icon_font_awesome fa fa-desktop qode_iwt_icon_element\" style=\"\" ><\/i><\/span><\/div><div class=\"icon_text_holder\" style=\"\"><div class=\"icon_text_inner\" style=\"\"><h5 class=\"icon_title\" style=\"\">Dise\u00f1o Plataforma Digital (Web \u2013 Facebook \u2013 Linkedin \u2013 Instagram)<\/h5><p style=''><\/p><\/div><\/div><\/div>[vc_column_text]<\/p>\n<p style=\"text-align: justify;\">La presencia en el mundo digital es cr\u00edtica, es por eso que su empresa debe estar ah\u00ed, con un dise\u00f1o profesional que entregue confianza.<\/p>\n<p>[\/vc_column_text][\/vc_column][vc_column width=&#8221;1\/3&#8243;]<div class='q_icon_with_title medium normal_icon center '><div class=\"icon_holder \" style=\" \"><span data-icon-type=\"normal\"   style=\"\" class=\"qode_iwt_icon_holder q_font_awsome_icon fa-3x  \"><i class=\"qode_icon_font_awesome fa fa-google-plus qode_iwt_icon_element\" style=\"\" ><\/i><\/span><\/div><div class=\"icon_text_holder\" style=\"\"><div class=\"icon_text_inner\" style=\"\"><h5 class=\"icon_title\" style=\"\">Posicionamiento SEM (AdWords) y SEO (optimizaci\u00f3n)<\/h5><p style=''><\/p><\/div><\/div><\/div>[vc_column_text]<\/p>\n<p style=\"text-align: justify;\">Para lograr ser encontrado por clientes correctos es necesaria una campa\u00f1a de posicionamiento. Existen dos tipos, uno pagado (por cada clic) y otro org\u00e1nico (permanente).<\/p>\n<p>[\/vc_column_text][\/vc_column][vc_column width=&#8221;1\/3&#8243;]<div class='q_icon_with_title medium normal_icon center '><div class=\"icon_holder \" style=\" \"><span data-icon-type=\"normal\"   style=\"\" class=\"qode_iwt_icon_holder q_font_awsome_icon fa-3x  \"><i class=\"qode_icon_font_awesome fa fa-facebook-official qode_iwt_icon_element\" style=\"\" ><\/i><\/span><\/div><div class=\"icon_text_holder\" style=\"\"><div class=\"icon_text_inner\" style=\"\"><h5 class=\"icon_title\" style=\"\">Estrategia y Publicidad en Redes Sociales<\/h5><p style=''><\/p><\/div><\/div><\/div>[vc_column_text]<\/p>\n<p style=\"text-align: justify;\">Las redes sociales mueven millones de personas cada d\u00eda y es muy importante estar presentes a trav\u00e9s de publicidades de acuerdo a objetivos de la empresa.<\/p>\n<p>[\/vc_column_text][\/vc_column][\/vc_row][vc_row css_animation=&#8221;&#8221; row_type=&#8221;row&#8221; use_row_as_full_screen_section=&#8221;no&#8221; type=&#8221;grid&#8221; angled_section=&#8221;no&#8221; text_align=&#8221;left&#8221; background_image_as_pattern=&#8221;without_pattern&#8221; z_index=&#8221;&#8221;][vc_column width=&#8221;1\/3&#8243;]<div class='q_icon_with_title medium normal_icon center '><div class=\"icon_holder \" style=\" \"><span data-icon-type=\"normal\"   style=\"\" class=\"qode_iwt_icon_holder q_font_awsome_icon fa-3x  \"><i class=\"qode_icon_font_awesome fa fa-calendar-o qode_iwt_icon_element\" style=\"\" ><\/i><\/span><\/div><div class=\"icon_text_holder\" style=\"\"><div class=\"icon_text_inner\" style=\"\"><h5 class=\"icon_title\" style=\"\">Campa\u00f1as Digitales<\/h5><p style=''><\/p><\/div><\/div><\/div>[vc_column_text]<\/p>\n<p style=\"text-align: justify;\">Las campa\u00f1as digitales nos acercan a personas espec\u00edficas y de una forma casi instant\u00e1nea. Con la tecnolog\u00eda actual no existen l\u00edmites para darnos a conocer en nuestro entorno.<\/p>\n<p>[\/vc_column_text][\/vc_column][vc_column width=&#8221;1\/3&#8243;]<div class='q_icon_with_title medium normal_icon center '><div class=\"icon_holder \" style=\" \"><span data-icon-type=\"normal\"   style=\"\" class=\"qode_iwt_icon_holder q_font_awsome_icon fa-3x  \"><i class=\"qode_icon_font_awesome fa fa-area-chart qode_iwt_icon_element\" style=\"\" ><\/i><\/span><\/div><div class=\"icon_text_holder\" style=\"\"><div class=\"icon_text_inner\" style=\"\"><h5 class=\"icon_title\" style=\"\">Analytics: Medici\u00f3n y Evaluaci\u00f3n de Resultados<\/h5><p style=''><\/p><\/div><\/div><\/div>[vc_column_text]<\/p>\n<p style=\"text-align: justify;\">\u00bfC\u00f3mo saber si una campa\u00f1a nos est\u00e1 entregando resultados esperados? F\u00e1cil, ya que todos los factores importantes pueden ser medidos con exactitud.<\/p>\n<p>[\/vc_column_text][\/vc_column][vc_column width=&#8221;1\/3&#8243;]<div class='q_icon_with_title medium normal_icon center '><div class=\"icon_holder \" style=\" \"><span data-icon-type=\"normal\"   style=\"\" class=\"qode_iwt_icon_holder q_font_awsome_icon fa-3x  \"><i class=\"qode_icon_font_awesome fa fa-cc-mastercard qode_iwt_icon_element\" style=\"\" ><\/i><\/span><\/div><div class=\"icon_text_holder\" style=\"\"><div class=\"icon_text_inner\" style=\"\"><h5 class=\"icon_title\" style=\"\">Difusi\u00f3n y Posicionamiento de Marca<\/h5><p style=''><\/p><\/div><\/div><\/div>[vc_column_text]<\/p>\n<p style=\"text-align: justify;\">El conjunto de todos los factores mencionados tendr\u00e1n como resultado la difusi\u00f3n correcta de su marca, exhibiendo su imagen y profesionalismo.<\/p>\n<p>[\/vc_column_text][\/vc_column][\/vc_row][vc_row css_animation=&#8221;&#8221; row_type=&#8221;row&#8221; use_row_as_full_screen_section=&#8221;no&#8221; type=&#8221;full_width&#8221; angled_section=&#8221;no&#8221; text_align=&#8221;left&#8221; background_image_as_pattern=&#8221;without_pattern&#8221; css=&#8221;.vc_custom_1473947892486{padding-top: 74px !important;}&#8221;][vc_column][qode_elements_holder number_of_columns=&#8221;two_columns&#8221; switch_to_one_column=&#8221;1000&#8243;][qode_elements_holder_item item_padding=&#8221;0 12.5% 0 0&#8243; vertical_alignment=&#8221;middle&#8221; advanced_animations=&#8221;no&#8221; item_padding_768_1024=&#8221;0 0 7% 0&#8243; item_padding_600_768=&#8221;0 10% 7%&#8221; item_padding_480_600=&#8221;0 10% 10%&#8221; item_padding_480=&#8221;0 10% 12%&#8221;]<div class=\"qode-cards-gallery-holder right\" data-side=right>\n    <div class=\"qode-cards-gallery\">\n                    <div class=\"card\" >\n                                    <img decoding=\"async\" src=\"#\" alt=\"\" class=\"qode-lazy-image\" data-image=\"https:\/\/burovaldes.com\/consultoria-de-negocios\/wp-content\/uploads\/2019\/09\/social-media-mobile-icons-snapchat-facebook-instagram-ss-19201.jpg\" style=\"width:1920px;height:1px\" data-ratio=\"0.5625\" data-lazy=\"true\" \/>\n                            <\/div>\n            <\/div>\n    <div class=\"fake_card\">\n        <img decoding=\"async\" src=\"https:\/\/burovaldes.com\/consultoria-de-negocios\/wp-content\/uploads\/2019\/09\/social-media-mobile-icons-snapchat-facebook-instagram-ss-19201.jpg\" alt=\"\">\n    <\/div>\n<\/div>[\/qode_elements_holder_item][qode_elements_holder_item item_padding=&#8221;0 33% 0 0&#8243; vertical_alignment=&#8221;middle&#8221; advanced_animations=&#8221;no&#8221; item_padding_1280_1440=&#8221;0 10% 0 0&#8243; item_padding_1024_1280=&#8221;0 0 0 0&#8243; item_padding_768_1024=&#8221;0 10%&#8221; item_padding_600_768=&#8221;0 10%&#8221; item_padding_480_600=&#8221;0 10%&#8221; item_padding_480=&#8221;0 10%&#8221;][vc_column_text]<\/p>\n<h3>Beneficios del Marketing Digital.<\/h3>\n<p>[\/vc_column_text][vc_empty_space height=&#8221;27px&#8221;][vc_column_text]<\/p>\n<h4><strong><span style=\"color: #000080;\">Implementar estrategias digitales permite:<\/span><\/strong><\/h4>\n<p>[\/vc_column_text][vc_empty_space height=&#8221;33px&#8221;]<div class=\"q_icon_list\"><i class=\"qodef-icon-dripicons dripicon dripicons-graph-line qode-ili-icon-holder circle\" style=\"font-size: 20px;color: #023368;background-color: #ffe522;\" ><\/i><p style=\"color:#023368;font-size: 18px;font-weight: 700;margin-bottom: 24px;\">Gran alcance o cobertura del medio.<\/p><\/div><div class=\"q_icon_list\"><i class=\"qode_icon_font_awesome fa fa-laptop qode-ili-icon-holder circle\" style=\"font-size: 20px;color: #023368;background-color: #ffe522;\" ><\/i><p style=\"color:#023368;font-size: 18px;font-weight: 700;margin-bottom: 24px;\">Contacto on line con el Cliente.<\/p><\/div><div class=\"q_icon_list\"><i class=\"qode_icon_font_awesome fa fa-binoculars qode-ili-icon-holder circle\" style=\"font-size: 20px;color: #023368;background-color: #ffe522;\" ><\/i><p style=\"color:#023368;font-size: 18px;font-weight: 700;margin-bottom: 24px;\">Analitycs permite realizar seguimiento.<\/p><\/div><div class=\"q_icon_list\"><i class=\"qode_icon_font_awesome fa fa-calculator qode-ili-icon-holder circle\" style=\"font-size: 20px;color: #023368;background-color: #ffe522;\" ><\/i><p style=\"color:#023368;font-size: 18px;font-weight: 700;margin-bottom: 24px;\">Bajo costo en relaci\u00f3n a cualquier otro medio.<\/p><\/div>[\/qode_elements_holder_item][\/qode_elements_holder][\/vc_column][\/vc_row]<\/p>\n","protected":false},"excerpt":{"rendered":"<p>[vc_row css_animation=&#8221;&#8221; row_type=&#8221;row&#8221; use_row_as_full_screen_section=&#8221;no&#8221; type=&#8221;grid&#8221; angled_section=&#8221;no&#8221; text_align=&#8221;left&#8221; background_image_as_pattern=&#8221;without_pattern&#8221; css=&#8221;.vc_custom_1566322549220{padding-top: 80px !important;padding-bottom: 80px !important;}&#8221; z_index=&#8221;&#8221;][vc_column][vc_column_text] \u00bfEn qu\u00e9 consiste? [\/vc_column_text][\/vc_column][vc_column width=&#8221;1\/3&#8243;][vc_column_text] La&#8230;<\/p>\n","protected":false},"author":3,"featured_media":0,"parent":0,"menu_order":0,"comment_status":"closed","ping_status":"closed","template":"full_width.php","meta":{"footnotes":""},"yst_prominent_words":[68,80,76,62,83,63,66,72,65,74,82,84,563,561,562,73,67,61,81,75],"class_list":["post-3733","page","type-page","status-publish","hentry"],"_links":{"self":[{"href":"https:\/\/burovaldes.com\/consultoria-de-negocios\/wp-json\/wp\/v2\/pages\/3733","targetHints":{"allow":["GET"]}}],"collection":[{"href":"https:\/\/burovaldes.com\/consultoria-de-negocios\/wp-json\/wp\/v2\/pages"}],"about":[{"href":"https:\/\/burovaldes.com\/consultoria-de-negocios\/wp-json\/wp\/v2\/types\/page"}],"author":[{"embeddable":true,"href":"https:\/\/burovaldes.com\/consultoria-de-negocios\/wp-json\/wp\/v2\/users\/3"}],"replies":[{"embeddable":true,"href":"https:\/\/burovaldes.com\/consultoria-de-negocios\/wp-json\/wp\/v2\/comments?post=3733"}],"version-history":[{"count":25,"href":"https:\/\/burovaldes.com\/consultoria-de-negocios\/wp-json\/wp\/v2\/pages\/3733\/revisions"}],"predecessor-version":[{"id":3864,"href":"https:\/\/burovaldes.com\/consultoria-de-negocios\/wp-json\/wp\/v2\/pages\/3733\/revisions\/3864"}],"wp:attachment":[{"href":"https:\/\/burovaldes.com\/consultoria-de-negocios\/wp-json\/wp\/v2\/media?parent=3733"}],"wp:term":[{"taxonomy":"yst_prominent_words","embeddable":true,"href":"https:\/\/burovaldes.com\/consultoria-de-negocios\/wp-json\/wp\/v2\/yst_prominent_words?post=3733"}],"curies":[{"name":"wp","href":"https:\/\/api.w.org\/{rel}","templated":true}]}}